{"id":1285,"date":"2018-07-09T12:34:36","date_gmt":"2018-07-09T12:34:36","guid":{"rendered":"https:\/\/ziegelhof-liestal.ch\/?page_id=1285"},"modified":"2019-01-22T10:30:28","modified_gmt":"2019-01-22T10:30:28","slug":"zwischennutzungen-3","status":"publish","type":"page","link":"https:\/\/ziegelhof-liestal.ch\/?page_id=1285","title":{"rendered":"NUTZUNGEN &#8211; Alt_sc"},"content":{"rendered":"<div id=\"pl-1285\"  class=\"panel-layout\" ><div id=\"pg-1285-0\"  class=\"panel-grid panel-has-style\" ><div class=\"siteorigin-panels-stretch panel-row-style panel-row-style-for-1285-0\" data-stretch-type=\"full\" ><div id=\"pgc-1285-0-0\"  class=\"panel-grid-cell\" ><div id=\"panel-1285-0-0-0\" class=\"so-panel widget widget_sow-editor panel-first-child\" data-index=\"0\" ><div class=\"panel-widget-style panel-widget-style-for-1285-0-0-0\" ><div\n\t\t\t\n\t\t\tclass=\"so-widget-sow-editor so-widget-sow-editor-base\"\n\t\t\t\n\t\t>\n<div class=\"siteorigin-widget-tinymce textwidget\">\n\t<a id=\"nutzerinnen\"><\/a>\n\n<h1 style=\"text-align: center;\">AKTUELLE NUTZUNGEN<\/h1><\/div>\n<\/div><\/div><\/div><div id=\"panel-1285-0-0-1\" class=\"so-panel widget widget_sow-editor panel-last-child\" data-index=\"1\" ><div class=\"panel-widget-style panel-widget-style-for-1285-0-0-1\" ><div\n\t\t\t\n\t\t\tclass=\"so-widget-sow-editor so-widget-sow-editor-base\"\n\t\t\t\n\t\t>\n<div class=\"siteorigin-widget-tinymce textwidget\">\n\t<p>Das Ziegelhofareal wandelt sich immer mehr zu einem Ort des Arbeitens, Wohnens und der Freizeitkultur. Einige Arealteile werden bereits langfristig vermietet. Daneben sind viele R\u00e4ume noch durch lebhafte Zwischennutzungen bespielt, die sich bei Bedarf m\u00f6glichst verstetigen k\u00f6nnen. Im Gleichschritt mit der baulichen Arealerneuerung k\u00f6nnen wir verschiedene Laufzeiten, Ausbaustandards und Mietpreise in den Liegenschaften auf dem Areal anbieten.<\/p>\n\n<p><span style=\"color: #000000;\">Ab <strong>Mitte 2019<\/strong> sollten erste Dienstleistungs- und Gewerbefl\u00e4chen langfristig vergeben werden. Dazu finden zur Zeit verschiedene Planungsgespr\u00e4che statt. <strong>Einzelne Fl\u00e4chen sind aber noch verf\u00fcgbar und k\u00f6nnen besichtigt werden.<\/strong><br \/><\/span><\/p>\n\n<p>Hier k\u00f6nnen die freien R\u00e4ume gefiltert werden: <a href=\"https:\/\/ziegelhof-liestal.ch\/\">Freie R\u00e4ume<\/a><\/p>\n\n<p>&nbsp;<\/p>\n\n<p><img loading=\"lazy\" decoding=\"async\" class=\"alignnone wp-image-1889 size-full\" src=\"https:\/\/ziegelhof-liestal.ch\/wp-content\/uploads\/2018\/08\/Nutzungsplan-1800824.png\" alt=\"\" width=\"3508\" height=\"2480\" srcset=\"https:\/\/ziegelhof-liestal.ch\/wp-content\/uploads\/2018\/08\/Nutzungsplan-1800824.png 3508w, https:\/\/ziegelhof-liestal.ch\/wp-content\/uploads\/2018\/08\/Nutzungsplan-1800824-300x212.png 300w, https:\/\/ziegelhof-liestal.ch\/wp-content\/uploads\/2018\/08\/Nutzungsplan-1800824-768x543.png 768w, https:\/\/ziegelhof-liestal.ch\/wp-content\/uploads\/2018\/08\/Nutzungsplan-1800824-1024x724.png 1024w\" sizes=\"auto, (max-width: 3508px) 100vw, 3508px\" \/><\/p><\/div>\n<\/div><\/div><\/div><\/div><\/div><\/div><div id=\"pg-1285-1\"  class=\"panel-grid panel-has-style\" ><div class=\"siteorigin-panels-stretch panel-row-style panel-row-style-for-1285-1\" data-stretch-type=\"full\" ><div id=\"pgc-1285-1-0\"  class=\"panel-grid-cell\" ><div id=\"panel-1285-1-0-0\" class=\"so-panel widget widget_sow-editor panel-first-child\" data-index=\"2\" ><div class=\"panel-widget-style panel-widget-style-for-1285-1-0-0\" ><div\n\t\t\t\n\t\t\tclass=\"so-widget-sow-editor so-widget-sow-editor-base\"\n\t\t\t\n\t\t>\n<div class=\"siteorigin-widget-tinymce textwidget\">\n\t<a id=\"formular\"><\/a>\n<h1 style=\"text-align: center;\">ANFRAGEFORMULAR<\/h1><\/div>\n<\/div><\/div><\/div><div id=\"panel-1285-1-0-1\" class=\"so-panel widget widget_sow-editor panel-last-child\" data-index=\"3\" ><div\n\t\t\t\n\t\t\tclass=\"so-widget-sow-editor so-widget-sow-editor-base\"\n\t\t\t\n\t\t>\n<div class=\"siteorigin-widget-tinymce textwidget\">\n\t[ninja_form id=3]<\/div>\n<\/div><\/div><\/div><\/div><\/div><\/div>","protected":false},"excerpt":{"rendered":"<p>AKTUELLE NUTZUNGEN Das Ziegelhofareal wandelt sich immer mehr zu einem Ort des Arbeitens, Wohnens und der Freizeitkultur. Einige Arealteile werden bereits langfristig vermietet. Daneben sind viele R\u00e4ume noch durch lebhafte &#8230;<\/p>\n","protected":false},"author":2,"featured_media":0,"parent":0,"menu_order":0,"comment_status":"closed","ping_status":"closed","template":"","meta":{"inline_featured_image":false,"footnotes":""},"class_list":["post-1285","page","type-page","status-publish","hentry"],"yoast_head":"<!-- This site is optimized with the Yoast SEO plugin v27.5 - https:\/\/yoast.com\/product\/yoast-seo-wordpress\/ -->\n<title>NUTZUNGEN - Alt_sc - ZIEGELHOFAREAL<\/title>\n<meta name=\"robots\" content=\"index, follow, max-snippet:-1, max-image-preview:large, max-video-preview:-1\" \/>\n<link rel=\"canonical\" href=\"https:\/\/ziegelhof-liestal.ch\/?page_id=1285\" \/>\n<meta property=\"og:locale\" content=\"de_DE\" \/>\n<meta property=\"og:type\" content=\"article\" \/>\n<meta property=\"og:title\" content=\"NUTZUNGEN - Alt_sc - ZIEGELHOFAREAL\" \/>\n<meta property=\"og:description\" content=\"AKTUELLE NUTZUNGEN Das Ziegelhofareal wandelt sich immer mehr zu einem Ort des Arbeitens, Wohnens und der Freizeitkultur. Einige Arealteile werden bereits langfristig vermietet. Daneben sind viele R\u00e4ume noch durch lebhafte ...\" \/>\n<meta property=\"og:url\" content=\"https:\/\/ziegelhof-liestal.ch\/?page_id=1285\" \/>\n<meta property=\"og:site_name\" content=\"ZIEGELHOFAREAL\" \/>\n<meta property=\"article:modified_time\" content=\"2019-01-22T10:30:28+00:00\" \/>\n<meta property=\"og:image\" content=\"https:\/\/ziegelhof-liestal.ch\/wp-content\/uploads\/2018\/08\/Nutzungsplan-1800824.png\" \/>\n<meta name=\"twitter:card\" content=\"summary_large_image\" \/>\n<meta name=\"twitter:label1\" content=\"Gesch\u00e4tzte Lesezeit\" \/>\n\t<meta name=\"twitter:data1\" content=\"1\u00a0Minute\" \/>\n<script type=\"application\/ld+json\" class=\"yoast-schema-graph\">{\"@context\":\"https:\\\/\\\/schema.org\",\"@graph\":[{\"@type\":\"WebPage\",\"@id\":\"https:\\\/\\\/ziegelhof-liestal.ch\\\/?page_id=1285\",\"url\":\"https:\\\/\\\/ziegelhof-liestal.ch\\\/?page_id=1285\",\"name\":\"NUTZUNGEN - Alt_sc - ZIEGELHOFAREAL\",\"isPartOf\":{\"@id\":\"https:\\\/\\\/ziegelhof-liestal.ch\\\/#website\"},\"primaryImageOfPage\":{\"@id\":\"https:\\\/\\\/ziegelhof-liestal.ch\\\/?page_id=1285#primaryimage\"},\"image\":{\"@id\":\"https:\\\/\\\/ziegelhof-liestal.ch\\\/?page_id=1285#primaryimage\"},\"thumbnailUrl\":\"https:\\\/\\\/ziegelhof-liestal.ch\\\/wp-content\\\/uploads\\\/2018\\\/08\\\/Nutzungsplan-1800824.png\",\"datePublished\":\"2018-07-09T12:34:36+00:00\",\"dateModified\":\"2019-01-22T10:30:28+00:00\",\"breadcrumb\":{\"@id\":\"https:\\\/\\\/ziegelhof-liestal.ch\\\/?page_id=1285#breadcrumb\"},\"inLanguage\":\"de\",\"potentialAction\":[{\"@type\":\"ReadAction\",\"target\":[\"https:\\\/\\\/ziegelhof-liestal.ch\\\/?page_id=1285\"]}]},{\"@type\":\"ImageObject\",\"inLanguage\":\"de\",\"@id\":\"https:\\\/\\\/ziegelhof-liestal.ch\\\/?page_id=1285#primaryimage\",\"url\":\"https:\\\/\\\/ziegelhof-liestal.ch\\\/wp-content\\\/uploads\\\/2018\\\/08\\\/Nutzungsplan-1800824.png\",\"contentUrl\":\"https:\\\/\\\/ziegelhof-liestal.ch\\\/wp-content\\\/uploads\\\/2018\\\/08\\\/Nutzungsplan-1800824.png\",\"width\":3508,\"height\":2480},{\"@type\":\"BreadcrumbList\",\"@id\":\"https:\\\/\\\/ziegelhof-liestal.ch\\\/?page_id=1285#breadcrumb\",\"itemListElement\":[{\"@type\":\"ListItem\",\"position\":1,\"name\":\"Startseite\",\"item\":\"https:\\\/\\\/ziegelhof-liestal.ch\\\/\"},{\"@type\":\"ListItem\",\"position\":2,\"name\":\"NUTZUNGEN &#8211; Alt_sc\"}]},{\"@type\":\"WebSite\",\"@id\":\"https:\\\/\\\/ziegelhof-liestal.ch\\\/#website\",\"url\":\"https:\\\/\\\/ziegelhof-liestal.ch\\\/\",\"name\":\"ZIEGELHOFAREAL\",\"description\":\"\",\"potentialAction\":[{\"@type\":\"SearchAction\",\"target\":{\"@type\":\"EntryPoint\",\"urlTemplate\":\"https:\\\/\\\/ziegelhof-liestal.ch\\\/?s={search_term_string}\"},\"query-input\":{\"@type\":\"PropertyValueSpecification\",\"valueRequired\":true,\"valueName\":\"search_term_string\"}}],\"inLanguage\":\"de\"}]}<\/script>\n<!-- \/ Yoast SEO plugin. -->","yoast_head_json":{"title":"NUTZUNGEN - Alt_sc - ZIEGELHOFAREAL","robots":{"index":"index","follow":"follow","max-snippet":"max-snippet:-1","max-image-preview":"max-image-preview:large","max-video-preview":"max-video-preview:-1"},"canonical":"https:\/\/ziegelhof-liestal.ch\/?page_id=1285","og_locale":"de_DE","og_type":"article","og_title":"NUTZUNGEN - Alt_sc - ZIEGELHOFAREAL","og_description":"AKTUELLE NUTZUNGEN Das Ziegelhofareal wandelt sich immer mehr zu einem Ort des Arbeitens, Wohnens und der Freizeitkultur. Einige Arealteile werden bereits langfristig vermietet. Daneben sind viele R\u00e4ume noch durch lebhafte ...","og_url":"https:\/\/ziegelhof-liestal.ch\/?page_id=1285","og_site_name":"ZIEGELHOFAREAL","article_modified_time":"2019-01-22T10:30:28+00:00","og_image":[{"url":"https:\/\/ziegelhof-liestal.ch\/wp-content\/uploads\/2018\/08\/Nutzungsplan-1800824.png","type":"","width":"","height":""}],"twitter_card":"summary_large_image","twitter_misc":{"Gesch\u00e4tzte Lesezeit":"1\u00a0Minute"},"schema":{"@context":"https:\/\/schema.org","@graph":[{"@type":"WebPage","@id":"https:\/\/ziegelhof-liestal.ch\/?page_id=1285","url":"https:\/\/ziegelhof-liestal.ch\/?page_id=1285","name":"NUTZUNGEN - Alt_sc - ZIEGELHOFAREAL","isPartOf":{"@id":"https:\/\/ziegelhof-liestal.ch\/#website"},"primaryImageOfPage":{"@id":"https:\/\/ziegelhof-liestal.ch\/?page_id=1285#primaryimage"},"image":{"@id":"https:\/\/ziegelhof-liestal.ch\/?page_id=1285#primaryimage"},"thumbnailUrl":"https:\/\/ziegelhof-liestal.ch\/wp-content\/uploads\/2018\/08\/Nutzungsplan-1800824.png","datePublished":"2018-07-09T12:34:36+00:00","dateModified":"2019-01-22T10:30:28+00:00","breadcrumb":{"@id":"https:\/\/ziegelhof-liestal.ch\/?page_id=1285#breadcrumb"},"inLanguage":"de","potentialAction":[{"@type":"ReadAction","target":["https:\/\/ziegelhof-liestal.ch\/?page_id=1285"]}]},{"@type":"ImageObject","inLanguage":"de","@id":"https:\/\/ziegelhof-liestal.ch\/?page_id=1285#primaryimage","url":"https:\/\/ziegelhof-liestal.ch\/wp-content\/uploads\/2018\/08\/Nutzungsplan-1800824.png","contentUrl":"https:\/\/ziegelhof-liestal.ch\/wp-content\/uploads\/2018\/08\/Nutzungsplan-1800824.png","width":3508,"height":2480},{"@type":"BreadcrumbList","@id":"https:\/\/ziegelhof-liestal.ch\/?page_id=1285#breadcrumb","itemListElement":[{"@type":"ListItem","position":1,"name":"Startseite","item":"https:\/\/ziegelhof-liestal.ch\/"},{"@type":"ListItem","position":2,"name":"NUTZUNGEN &#8211; Alt_sc"}]},{"@type":"WebSite","@id":"https:\/\/ziegelhof-liestal.ch\/#website","url":"https:\/\/ziegelhof-liestal.ch\/","name":"ZIEGELHOFAREAL","description":"","potentialAction":[{"@type":"SearchAction","target":{"@type":"EntryPoint","urlTemplate":"https:\/\/ziegelhof-liestal.ch\/?s={search_term_string}"},"query-input":{"@type":"PropertyValueSpecification","valueRequired":true,"valueName":"search_term_string"}}],"inLanguage":"de"}]}},"_links":{"self":[{"href":"https:\/\/ziegelhof-liestal.ch\/index.php?rest_route=\/wp\/v2\/pages\/1285","targetHints":{"allow":["GET"]}}],"collection":[{"href":"https:\/\/ziegelhof-liestal.ch\/index.php?rest_route=\/wp\/v2\/pages"}],"about":[{"href":"https:\/\/ziegelhof-liestal.ch\/index.php?rest_route=\/wp\/v2\/types\/page"}],"author":[{"embeddable":true,"href":"https:\/\/ziegelhof-liestal.ch\/index.php?rest_route=\/wp\/v2\/users\/2"}],"replies":[{"embeddable":true,"href":"https:\/\/ziegelhof-liestal.ch\/index.php?rest_route=%2Fwp%2Fv2%2Fcomments&post=1285"}],"version-history":[{"count":22,"href":"https:\/\/ziegelhof-liestal.ch\/index.php?rest_route=\/wp\/v2\/pages\/1285\/revisions"}],"predecessor-version":[{"id":2382,"href":"https:\/\/ziegelhof-liestal.ch\/index.php?rest_route=\/wp\/v2\/pages\/1285\/revisions\/2382"}],"wp:attachment":[{"href":"https:\/\/ziegelhof-liestal.ch\/index.php?rest_route=%2Fwp%2Fv2%2Fmedia&parent=1285"}],"curies":[{"name":"wp","href":"https:\/\/api.w.org\/{rel}","templated":true}]}}