{"id":2257,"date":"2019-01-22T10:15:01","date_gmt":"2019-01-22T10:15:01","guid":{"rendered":"https:\/\/ziegelhof-liestal.ch\/?page_id=2257"},"modified":"2020-08-26T10:10:00","modified_gmt":"2020-08-26T10:10:00","slug":"zwischennutzungen-2-2","status":"publish","type":"page","link":"https:\/\/ziegelhof-liestal.ch\/?page_id=2257","title":{"rendered":"FREIE R\u00c4UME"},"content":{"rendered":"<div id=\"pl-2257\"  class=\"panel-layout\" ><div id=\"pg-2257-0\"  class=\"panel-grid panel-no-style\" ><div id=\"pgc-2257-0-0\"  class=\"panel-grid-cell\" ><div id=\"panel-2257-0-0-0\" class=\"so-panel widget widget_sow-editor panel-first-child panel-last-child\" data-index=\"0\" ><div\n\t\t\t\n\t\t\tclass=\"so-widget-sow-editor so-widget-sow-editor-base\"\n\t\t\t\n\t\t>\n<div class=\"siteorigin-widget-tinymce textwidget\">\n\t<h1 style=\"text-align: center;\">FREIE R\u00c4UME<\/h1>\n<\/div>\n<\/div><\/div><\/div><\/div><div id=\"pg-2257-1\"  class=\"panel-grid panel-no-style\" ><div id=\"pgc-2257-1-0\"  class=\"panel-grid-cell\" ><div id=\"panel-2257-1-0-0\" class=\"so-panel widget widget_sow-editor panel-first-child panel-last-child\" data-index=\"1\" ><div\n\t\t\t\n\t\t\tclass=\"so-widget-sow-editor so-widget-sow-editor-base\"\n\t\t\t\n\t\t>\n<div class=\"siteorigin-widget-tinymce textwidget\">\n\t<style type=\"text\/css\">#post-grid-2318 .element_1{display: block;font-size: 18px;line-height: normal;padding: 5px 10px;text-align: left;font-weight:300;}#post-grid-2318 .element_2{display: block;font-size: 12px;padding: 5px 10px;text-align: left;}#post-grid-2318 .element_3{display: block;font-size: 12px;font-weight: bold;padding: 0 10px;text-align: left;color: #000000;\r\n}#post-grid-2318 .element_1:hover{}#post-grid-2318 .element_2:hover{}#post-grid-2318 .element_3:hover{display: block;font-size: 12px;font-weight: bold;padding: 0 10px;text-align: left;color: #ffffff;background-color: #000000;}#post-grid-2318 .item{\r\n\t\t\tbackground:#fff;\r\n\t\r\n\t\t\t}<\/style><style type=\"text\/css\">\/*Write your CSS code here*\/<\/style><style type=\"text\/css\">#post-grid-2318 .pagination .page-numbers, #post-grid-2318 .pagination .pager{\r\n\t\t\r\n\t\tfont-size:17px;\t\t\r\n\t\tcolor:#000000;\t\t\r\n\t\tbackground:#646464;\r\n\t\t\r\n\t\t\r\n\t\t}#post-grid-2318 .pagination .page-numbers:hover, #post-grid-2318 .pagination .page-numbers.current, #post-grid-2318 .pagination .pager.active{\r\n\t\tbackground:#4b4b4b;\r\n\t\t}#post-grid-2318 .nav-filter .filter{\r\n\t\t\r\n\t\tfont-size:17px;\t\t\r\n\t\tcolor:#fff;\t\t\r\n\t\tbackground:#646464;\r\n\r\n\t\t}#post-grid-2318 .nav-filter .filter:hover, #post-grid-2318 .nav-filter .filter.active{\r\n\t\tbackground:#4b4b4b;\r\n\t\t}#post-grid-2318 .owl-dots .owl-dot {\r\n\t\t\tbackground: #e6e6e6 none repeat scroll 0 0;\r\n\t\t\t\t \r\n\t\t\t}#post-grid-2318 {\r\n\t\t\tpadding:10px;\r\n\t\t\tbackground: #fff url() repeat scroll 0 0;\r\n\t\t}#post-grid-2318 .item .layer-media{max-height:200px;overflow: hidden;\r\n\t\t}#post-grid-2318 .item{\r\n\t\tmargin:15px;}@media only screen and (min-width: 1024px ) {#post-grid-2318 .item{height:400px;}}@media only screen and ( min-width: 768px ) and ( max-width: 1023px ) {#post-grid-2318 .item{height:50%;}}@media only screen and ( min-width: 0px ) and ( max-width: 767px ){#post-grid-2318 .item{height:40%;}}<\/style><div id=\"post-grid-lazy-2318\" class=\"post-grid-lazy\"><img decoding=\"async\" src=\"https:\/\/ziegelhof-liestal.ch\/wp-content\/plugins\/post-grid\/assets\/admin\/gif\/ajax-loader-1.gif\"\/><\/div><script>\r\n\t\t\t\t\t\r\n\t\t\t\t\tjQuery( window ).load(function() {\r\n\t\t\t\t\t\r\n\t\t\t\t\tjQuery('#post-grid-lazy-2318').fadeOut();\r\n\t\t\t\t\tjQuery('#post-grid-2318').fadeIn();\r\n\t\t\t\t\t});\r\n\t\r\n\t\t\t\t\t<\/script><style type=\"text\/css\">#post-grid-2318{display: none;}<\/style><div id=\"post-grid-2318\" class=\"post-grid slider\"><div class=\"grid-nav-top\"><script>\r\n\tjQuery(document).ready(function($)\r\n\t{\r\n\t\t$(\"#post-grid-2318 .grid-items\").owlCarousel({\r\n\t\t\t\r\n\t\t\titems : 3, \/\/10 items above 1000px browser width\r\n\r\n\r\n\t\t\tresponsiveClass:true,\r\n\t\t\tresponsive:{\r\n\r\n\t\t\t\t320:{\r\n\t\t\t\t\titems:1,\r\n\t\t\t\t\t\r\n\t\t\t\t},\r\n\t\t\t\t\r\n\t\t\t\t768:{\r\n\t\t\t\t\titems:2,\r\n\t\t\t\t\t\r\n\t\t\t\t},\t\t\t\t\r\n\t\t\t\t\r\n\t\t\t\t1024:{\r\n\t\t\t\t\titems:3,\r\n\t\t\t\t\t\r\n\t\t\t\t\t\r\n\t\t\t\t}\r\n\t\t\t},\r\n\r\n\r\n\r\n\t\t\t\r\n\t\t\tloop: true,rewind: true,center: false,autoplay: false,autoplayTimeout: 3000,autoplayHoverPause: true,nav: true,navText : [\"\",\"\"],dots: true,navSpeed: 1000,dotsSpeed: 1000,touchDrag : true,mouseDrag  : true,autoHeight: true,});$(\"#post-grid-2318 .owl-nav\").addClass(\"middle\");$(\"#post-grid-2318 .owl-nav\").addClass(\"square-border\");$(\"#post-grid-2318 .owl-dots\").addClass(\"round\");});<\/script><\/div><div class=\"grid-items owl-carousel\" id=\"\"><div  class=\"item mix skin even flat freie-raeume \"><div class=\"layer-media\"><a href=\"https:\/\/ziegelhof-liestal.ch\/?p=5434\"><img decoding=\"async\" alt=\"\" src=\"https:\/\/ziegelhof-liestal.ch\/wp-content\/uploads\/2024\/09\/Bildschirmfoto-2024-09-17-um-14.33.11-1-475x400.png\" \/><\/a><\/div><div class=\"layer-content\"><div class=\"element element_1 title\"  >*zu vermieten: WOHNHAUS MIT GARAGE<\/div><div class=\"element element_2 excerpt\"  >WOHNHAUS MIT GARAGE LINDENSTRASSE 3<\/div><a target=\"\" class=\"element element_3 read_more\"  href=\"https:\/\/ziegelhof-liestal.ch\/?p=5434\">Read more.<\/a><\/div><\/div><div  class=\"item mix skin odd flat aktuell freie-raeume \"><div class=\"layer-media\"><a href=\"https:\/\/ziegelhof-liestal.ch\/?p=5033\"><img decoding=\"async\" alt=\"\" src=\"https:\/\/ziegelhof-liestal.ch\/wp-content\/uploads\/2023\/01\/Bildschirmfoto-2023-04-04-um-12.15.15-640x400.png\" \/><\/a><\/div><div class=\"layer-content\"><div class=\"element element_1 title\"  >*zu vermieten: WOHN-\/ATELIERHAUS MIT GEW\u00d6LBEKELLER<\/div><div class=\"element element_2 excerpt\"  >\u00a0 WOHN-\/ATELIERHAUS LINDENSTRASSE 5<\/div><a target=\"\" class=\"element element_3 read_more\"  href=\"https:\/\/ziegelhof-liestal.ch\/?p=5033\">Read more.<\/a><\/div><\/div><div  class=\"item mix skin even flat freie-raeume \"><div class=\"layer-media\"><a href=\"https:\/\/ziegelhof-liestal.ch\/?p=4751\"><img decoding=\"async\" alt=\"\" src=\"https:\/\/ziegelhof-liestal.ch\/wp-content\/uploads\/2022\/10\/Bildschirmfoto-2022-10-19-um-11.53.13-640x400.png\" \/><\/a><\/div><div class=\"layer-content\"><div class=\"element element_1 title\"  >*zu vermieten: FL\u00c4CHE F\u00dcR B\u00dcROGEMEINSCHAFT<\/div><div class=\"element element_2 excerpt\"  >EHEMALIGER ETIKETTENRAUM BAU 30<\/div><a target=\"\" class=\"element element_3 read_more\"  href=\"https:\/\/ziegelhof-liestal.ch\/?p=4751\">Read more.<\/a><\/div><\/div><div  class=\"item mix skin odd flat freie-raeume \"><div class=\"layer-media\"><a href=\"https:\/\/ziegelhof-liestal.ch\/?p=4478\"><img decoding=\"async\" alt=\"\" src=\"https:\/\/ziegelhof-liestal.ch\/wp-content\/uploads\/2019\/07\/Bild-2-640x400.jpg\" \/><\/a><\/div><div class=\"layer-content\"><div class=\"element element_1 title\"  >*zu vermieten: ATELIER \/ B\u00dcRO<\/div><div class=\"element element_2 excerpt\"  >ATELIER- \/ B\u00dcRORAUM BAU 30<\/div><a target=\"\" class=\"element element_3 read_more\"  href=\"https:\/\/ziegelhof-liestal.ch\/?p=4478\">Read more.<\/a><\/div><\/div><div  class=\"item mix skin even flat freie-raeume \"><div class=\"layer-media\"><a href=\"https:\/\/ziegelhof-liestal.ch\/?p=4182\"><img decoding=\"async\" alt=\"\" src=\"https:\/\/ziegelhof-liestal.ch\/wp-content\/uploads\/2021\/04\/IMG_20210414_162731_resized_20210414_061300688-640x400.jpg\" \/><\/a><\/div><div class=\"layer-content\"><div class=\"element element_1 title\"  >*zu vermieten: LAGER \/ GEWERBERAUM<\/div><div class=\"element element_2 excerpt\"  >2 UG RAMPE<\/div><a target=\"\" class=\"element element_3 read_more\"  href=\"https:\/\/ziegelhof-liestal.ch\/?p=4182\">Read more.<\/a><\/div><\/div><div  class=\"item mix skin odd flat freie-raeume \"><div class=\"layer-media\"><a href=\"https:\/\/ziegelhof-liestal.ch\/?p=2014\"><img decoding=\"async\" alt=\"\" src=\"https:\/\/ziegelhof-liestal.ch\/wp-content\/uploads\/2018\/06\/DSC03056-e1530108804328-640x400.jpg\" \/><\/a><\/div><div class=\"layer-content\"><div class=\"element element_1 title\"  >*zu vermieten: FL\u00c4CHE IM PALETTENLAGER<\/div><div class=\"element element_2 excerpt\"  >FL\u00c4CHE IM PALETTENLAGER<\/div><a target=\"\" class=\"element element_3 read_more\"  href=\"https:\/\/ziegelhof-liestal.ch\/?p=2014\">Read more.<\/a><\/div><\/div><\/div><div class=\"grid-nav-bottom\"><div class=\"pagination\"><\/div ><\/div><script>\r\n\t\tjQuery(document).ready(function($)\r\n\t\t{\r\n\t\t\t$(\"#post-grid-2318 .layer-media .gallery\").owlCarousel({\r\n\t\t\t\t\r\n\t\t\t\titems : 1,\r\n\r\n\t\t\t\tnavText : [\"\",\"\"],\r\n\t\t\t\tautoplay: true,\r\n\t\t\t\tloop: true,\r\n\t\t\t\tautoHeight : true,\t\r\n\t\t\t\tnav : false,\t\r\n\t\t\t\tdots : false,\t\t\t\t\t\r\n\t\t\t\t\t\t\t\t\t\t\t\r\n\t\t\t\t\t\t\t\t\r\n\t\t\t\t});\r\n\t\t\r\n\t\t});<\/script><\/div>\n<\/div>\n<\/div><\/div><\/div><\/div><div id=\"pg-2257-2\"  class=\"panel-grid panel-has-style\" ><div class=\"siteorigin-panels-stretch panel-row-style panel-row-style-for-2257-2\" data-stretch-type=\"full\" ><div id=\"pgc-2257-2-0\"  class=\"panel-grid-cell\" ><div id=\"panel-2257-2-0-0\" class=\"so-panel widget widget_sow-editor panel-first-child\" data-index=\"2\" ><div class=\"panel-widget-style panel-widget-style-for-2257-2-0-0\" ><div\n\t\t\t\n\t\t\tclass=\"so-widget-sow-editor so-widget-sow-editor-base\"\n\t\t\t\n\t\t>\n<div class=\"siteorigin-widget-tinymce textwidget\">\n\t<a id=\"Formular\"><\/a>\n<h1 style=\"text-align: center;\">ANFRAGEFORMULAR<\/h1><\/div>\n<\/div><\/div><\/div><div id=\"panel-2257-2-0-1\" class=\"so-panel widget widget_sow-editor panel-last-child\" data-index=\"3\" ><div\n\t\t\t\n\t\t\tclass=\"so-widget-sow-editor so-widget-sow-editor-base\"\n\t\t\t\n\t\t>\n<div class=\"siteorigin-widget-tinymce textwidget\">\n\t[ninja_form id=5]<\/div>\n<\/div><\/div><\/div><\/div><\/div><\/div>","protected":false},"excerpt":{"rendered":"<p>FREIE R\u00c4UME<\/p>\n","protected":false},"author":2,"featured_media":0,"parent":0,"menu_order":0,"comment_status":"closed","ping_status":"closed","template":"","meta":{"inline_featured_image":false,"footnotes":""},"class_list":["post-2257","page","type-page","status-publish","hentry"],"yoast_head":"<!-- This site is optimized with the Yoast SEO plugin v27.5 - https:\/\/yoast.com\/product\/yoast-seo-wordpress\/ -->\n<title>FREIE R\u00c4UME - ZIEGELHOFAREAL<\/title>\n<meta name=\"robots\" content=\"index, follow, max-snippet:-1, max-image-preview:large, max-video-preview:-1\" \/>\n<link rel=\"canonical\" href=\"https:\/\/ziegelhof-liestal.ch\/?page_id=2257\" \/>\n<meta property=\"og:locale\" content=\"de_DE\" \/>\n<meta property=\"og:type\" content=\"article\" \/>\n<meta property=\"og:title\" content=\"FREIE R\u00c4UME - ZIEGELHOFAREAL\" \/>\n<meta property=\"og:description\" content=\"FREIE R\u00c4UME\" \/>\n<meta property=\"og:url\" content=\"https:\/\/ziegelhof-liestal.ch\/?page_id=2257\" \/>\n<meta property=\"og:site_name\" content=\"ZIEGELHOFAREAL\" \/>\n<meta property=\"article:modified_time\" content=\"2020-08-26T10:10:00+00:00\" \/>\n<meta name=\"twitter:card\" content=\"summary_large_image\" \/>\n<script type=\"application\/ld+json\" class=\"yoast-schema-graph\">{\"@context\":\"https:\\\/\\\/schema.org\",\"@graph\":[{\"@type\":\"WebPage\",\"@id\":\"https:\\\/\\\/ziegelhof-liestal.ch\\\/?page_id=2257\",\"url\":\"https:\\\/\\\/ziegelhof-liestal.ch\\\/?page_id=2257\",\"name\":\"FREIE R\u00c4UME - ZIEGELHOFAREAL\",\"isPartOf\":{\"@id\":\"https:\\\/\\\/ziegelhof-liestal.ch\\\/#website\"},\"datePublished\":\"2019-01-22T10:15:01+00:00\",\"dateModified\":\"2020-08-26T10:10:00+00:00\",\"breadcrumb\":{\"@id\":\"https:\\\/\\\/ziegelhof-liestal.ch\\\/?page_id=2257#breadcrumb\"},\"inLanguage\":\"de\",\"potentialAction\":[{\"@type\":\"ReadAction\",\"target\":[\"https:\\\/\\\/ziegelhof-liestal.ch\\\/?page_id=2257\"]}]},{\"@type\":\"BreadcrumbList\",\"@id\":\"https:\\\/\\\/ziegelhof-liestal.ch\\\/?page_id=2257#breadcrumb\",\"itemListElement\":[{\"@type\":\"ListItem\",\"position\":1,\"name\":\"Startseite\",\"item\":\"https:\\\/\\\/ziegelhof-liestal.ch\\\/\"},{\"@type\":\"ListItem\",\"position\":2,\"name\":\"FREIE R\u00c4UME\"}]},{\"@type\":\"WebSite\",\"@id\":\"https:\\\/\\\/ziegelhof-liestal.ch\\\/#website\",\"url\":\"https:\\\/\\\/ziegelhof-liestal.ch\\\/\",\"name\":\"ZIEGELHOFAREAL\",\"description\":\"\",\"potentialAction\":[{\"@type\":\"SearchAction\",\"target\":{\"@type\":\"EntryPoint\",\"urlTemplate\":\"https:\\\/\\\/ziegelhof-liestal.ch\\\/?s={search_term_string}\"},\"query-input\":{\"@type\":\"PropertyValueSpecification\",\"valueRequired\":true,\"valueName\":\"search_term_string\"}}],\"inLanguage\":\"de\"}]}<\/script>\n<!-- \/ Yoast SEO plugin. -->","yoast_head_json":{"title":"FREIE R\u00c4UME - ZIEGELHOFAREAL","robots":{"index":"index","follow":"follow","max-snippet":"max-snippet:-1","max-image-preview":"max-image-preview:large","max-video-preview":"max-video-preview:-1"},"canonical":"https:\/\/ziegelhof-liestal.ch\/?page_id=2257","og_locale":"de_DE","og_type":"article","og_title":"FREIE R\u00c4UME - ZIEGELHOFAREAL","og_description":"FREIE R\u00c4UME","og_url":"https:\/\/ziegelhof-liestal.ch\/?page_id=2257","og_site_name":"ZIEGELHOFAREAL","article_modified_time":"2020-08-26T10:10:00+00:00","twitter_card":"summary_large_image","schema":{"@context":"https:\/\/schema.org","@graph":[{"@type":"WebPage","@id":"https:\/\/ziegelhof-liestal.ch\/?page_id=2257","url":"https:\/\/ziegelhof-liestal.ch\/?page_id=2257","name":"FREIE R\u00c4UME - ZIEGELHOFAREAL","isPartOf":{"@id":"https:\/\/ziegelhof-liestal.ch\/#website"},"datePublished":"2019-01-22T10:15:01+00:00","dateModified":"2020-08-26T10:10:00+00:00","breadcrumb":{"@id":"https:\/\/ziegelhof-liestal.ch\/?page_id=2257#breadcrumb"},"inLanguage":"de","potentialAction":[{"@type":"ReadAction","target":["https:\/\/ziegelhof-liestal.ch\/?page_id=2257"]}]},{"@type":"BreadcrumbList","@id":"https:\/\/ziegelhof-liestal.ch\/?page_id=2257#breadcrumb","itemListElement":[{"@type":"ListItem","position":1,"name":"Startseite","item":"https:\/\/ziegelhof-liestal.ch\/"},{"@type":"ListItem","position":2,"name":"FREIE R\u00c4UME"}]},{"@type":"WebSite","@id":"https:\/\/ziegelhof-liestal.ch\/#website","url":"https:\/\/ziegelhof-liestal.ch\/","name":"ZIEGELHOFAREAL","description":"","potentialAction":[{"@type":"SearchAction","target":{"@type":"EntryPoint","urlTemplate":"https:\/\/ziegelhof-liestal.ch\/?s={search_term_string}"},"query-input":{"@type":"PropertyValueSpecification","valueRequired":true,"valueName":"search_term_string"}}],"inLanguage":"de"}]}},"_links":{"self":[{"href":"https:\/\/ziegelhof-liestal.ch\/index.php?rest_route=\/wp\/v2\/pages\/2257","targetHints":{"allow":["GET"]}}],"collection":[{"href":"https:\/\/ziegelhof-liestal.ch\/index.php?rest_route=\/wp\/v2\/pages"}],"about":[{"href":"https:\/\/ziegelhof-liestal.ch\/index.php?rest_route=\/wp\/v2\/types\/page"}],"author":[{"embeddable":true,"href":"https:\/\/ziegelhof-liestal.ch\/index.php?rest_route=\/wp\/v2\/users\/2"}],"replies":[{"embeddable":true,"href":"https:\/\/ziegelhof-liestal.ch\/index.php?rest_route=%2Fwp%2Fv2%2Fcomments&post=2257"}],"version-history":[{"count":71,"href":"https:\/\/ziegelhof-liestal.ch\/index.php?rest_route=\/wp\/v2\/pages\/2257\/revisions"}],"predecessor-version":[{"id":3927,"href":"https:\/\/ziegelhof-liestal.ch\/index.php?rest_route=\/wp\/v2\/pages\/2257\/revisions\/3927"}],"wp:attachment":[{"href":"https:\/\/ziegelhof-liestal.ch\/index.php?rest_route=%2Fwp%2Fv2%2Fmedia&parent=2257"}],"curies":[{"name":"wp","href":"https:\/\/api.w.org\/{rel}","templated":true}]}}