{"id":2272,"date":"2019-01-22T10:14:55","date_gmt":"2019-01-22T10:14:55","guid":{"rendered":"https:\/\/ziegelhof-liestal.ch\/?page_id=2272"},"modified":"2020-08-26T09:32:12","modified_gmt":"2020-08-26T09:32:12","slug":"kontakt-3","status":"publish","type":"page","link":"https:\/\/ziegelhof-liestal.ch\/?page_id=2272","title":{"rendered":"KONTAKT"},"content":{"rendered":"<div id=\"pl-2272\"  class=\"panel-layout\" ><div id=\"pg-2272-0\"  class=\"panel-grid panel-no-style\" ><div id=\"pgc-2272-0-0\"  class=\"panel-grid-cell\" ><div id=\"panel-2272-0-0-0\" class=\"so-panel widget widget_sow-editor panel-first-child\" data-index=\"0\" ><div\n\t\t\t\n\t\t\tclass=\"so-widget-sow-editor so-widget-sow-editor-base\"\n\t\t\t\n\t\t>\n<div class=\"siteorigin-widget-tinymce textwidget\">\n\t<p><a id=\"Kontakt\"><\/a><\/p>\n<h1 style=\"text-align: center;\">KONTAKT VOR ORT<\/h1>\n<\/div>\n<\/div><\/div><div id=\"panel-2272-0-0-1\" class=\"so-panel widget widget_sow-editor panel-last-child\" data-index=\"1\" ><div class=\"panel-widget-style panel-widget-style-for-2272-0-0-1\" ><div\n\t\t\t\n\t\t\tclass=\"so-widget-sow-editor so-widget-sow-editor-base\"\n\t\t\t\n\t\t>\n<div class=\"siteorigin-widget-tinymce textwidget\">\n\t<h3>\u00a0<\/h3>\n<p><span style=\"color: #000000;\">Gerberstrasse 4, <\/span><span style=\"color: #000000;\">4410 Liestal<\/span><\/p>\n<p>Telefon | 061 922 03 63<br \/>Mail | <span id=\"eeb-351646\"><a class=\"mailto-link\" href=\"mailto:ziegelhof@denkstatt-sarl.ch\">ziegelhof@denkstatt-sarl.ch<\/a><\/span><br \/>Facebook | <a href=\"https:\/\/www.facebook.com\/www.ziegelhofareal.ch\/\">FB ZiegelhofAREAL<\/a><\/p>\n<\/div>\n<\/div><\/div><\/div><\/div><\/div><div id=\"pg-2272-1\"  class=\"panel-grid panel-no-style\" ><div id=\"pgc-2272-1-0\"  class=\"panel-grid-cell\" ><div id=\"panel-2272-1-0-0\" class=\"so-panel widget widget_sow-editor panel-first-child panel-last-child\" data-index=\"2\" ><div class=\"panel-widget-style panel-widget-style-for-2272-1-0-0\" ><div\n\t\t\t\n\t\t\tclass=\"so-widget-sow-editor so-widget-sow-editor-base\"\n\t\t\t\n\t\t>\n<div class=\"siteorigin-widget-tinymce textwidget\">\n\t<h3 style=\"text-align: left;\">denkstatt s\u00e0rl<\/h3>\n<p><span style=\"color: #000000;\">denkstatt entwickelt Projekte im Dialog. Dadurch kann sie rasch und flexibel auf die wechselnden Rahmenbedingungen und Bed\u00fcrfnisse im Laufe eines Prozesses eingehen. <\/span><\/p>\n<p><span style=\"color: #000000;\">denkstatt entwickelt Projekte vor Ort. Das erm\u00f6glicht ihr, auf die Geschichte des Ortes einzugehen, um damit die sozialr\u00e4umlichen Merkmale heraus zu sp\u00fcren und zu verst\u00e4rken. <\/span><\/p>\n<p><span style=\"color: #000000;\">denkstatt h\u00e4lt allf\u00e4llige Baumassnahmen m\u00f6glichst gering. Dies gelingt ihr, indem sie zum einen den vorhandenen Raum mit der dazu passenden Nutzung verbindet, zum anderen indem sie Um- und Neubauten nicht auf Vorrat baut, sondern situativ und schrittweise dem lokalen Bedarf anpasst.<\/span><\/p>\n<p><span style=\"color: #000000;\"><a href=\"http:\/\/www.denkstatt-sarl.ch\">www.denkstatt-sarl.ch<\/a><\/span><\/p>\n<p>&nbsp;<\/p>\n<p>&nbsp;<\/p>\n<p>&nbsp;<\/p>\n<\/div>\n<\/div><\/div><\/div><\/div><div id=\"pgc-2272-1-1\"  class=\"panel-grid-cell\" ><div id=\"panel-2272-1-1-0\" class=\"so-panel widget widget_sow-editor panel-first-child panel-last-child\" data-index=\"3\" ><div\n\t\t\t\n\t\t\tclass=\"so-widget-sow-editor so-widget-sow-editor-base\"\n\t\t\t\n\t\t>\n<div class=\"siteorigin-widget-tinymce textwidget\">\n\t<h3 style=\"text-align: left;\">baub\u00fcro in situ AG<\/h3>\n<p><span style=\"color: #000000;\">Der Name des baub\u00fcro in situ ist Programm: in situ heisst vor Ort, d.h., dass wenn immer m\u00f6glich vor Ort gearbeitet wird. <\/span><\/p>\n<p><span style=\"color: #000000;\">Das baub\u00fcro baut professionell, funktional, pragmatisch, innovativ, sozial, energie- und umweltbewusst, und bietet ein gutes Preis-Leistungs-Verh\u00e4ltnis. <\/span><\/p>\n<p><span style=\"color: #000000;\">Das baub\u00fcro bietet ganzheitliche Beratung an. Beginnend mit der Definition der Aufgabe, der Suche nach Alternativen, der Wirtschaftlichkeitsrechnung und Finanzierung bis zur Planung und Bauausf\u00fchrung. Das baub\u00fcro ist deshalb Teil eines Unternehmensgef\u00fcges, welches die Integration aller Lebensbereiche eines Geb\u00e4udes zum Ziel hat.<\/span><\/p>\n<p><span style=\"color: #000000;\"><a href=\"http:\/\/www.insitu.ch\">www.insitu.ch<\/a><\/span><\/p>\n<p>&nbsp;<\/p>\n<\/div>\n<\/div><\/div><\/div><div id=\"pgc-2272-1-2\"  class=\"panel-grid-cell\" ><div id=\"panel-2272-1-2-0\" class=\"so-panel widget widget_sow-editor panel-first-child panel-last-child\" data-index=\"4\" ><div\n\t\t\t\n\t\t\tclass=\"so-widget-sow-editor so-widget-sow-editor-base\"\n\t\t\t\n\t\t>\n<div class=\"siteorigin-widget-tinymce textwidget\">\n\t<h3 style=\"text-align: left;\">CoOpera Immobilien GmbH<\/h3>\n<p><span style=\"color: #000000;\">Die CoOpera Sammelstiftung PUK ist eine Pensionskasse, die seit \u00fcber 30 Jahren mehr tut als das Verm\u00f6gen der Versicherten zu verwalten. Die CoOpera ist die Eigent\u00fcmerin des Areals. Mit Direktinvestitionen und Direktengagement erm\u00f6glicht sie spannende und zukunftsweisende Entwicklungen wie das Hanroareal und nun das Ziegelhofareal in Liestal. In Menschen und ihre Projekte zu investieren, steht im Zentrum der Arbeit der CoOpera. <\/span><\/p>\n<p><span style=\"color: #000000;\"><a href=\"http:\/\/www.coopera.ch\">www.coopera.ch<\/a><\/span><\/p>\n<p>&nbsp;<\/p>\n<\/div>\n<\/div><\/div><\/div><\/div><div id=\"pg-2272-2\"  class=\"panel-grid panel-no-style\" ><div id=\"pgc-2272-2-0\"  class=\"panel-grid-cell\" ><div id=\"panel-2272-2-0-0\" class=\"so-panel widget widget_sow-editor panel-first-child panel-last-child\" data-index=\"5\" ><div\n\t\t\t\n\t\t\tclass=\"so-widget-sow-editor so-widget-sow-editor-base\"\n\t\t\t\n\t\t>\n<div class=\"siteorigin-widget-tinymce textwidget\">\n\t<p><a id=\"Pro Ziegelhof\"><\/a><\/p>\n<h1 style=\"text-align: center;\">VEREIN PRO ZIEGELHOF<\/h1>\n<\/div>\n<\/div><\/div><\/div><\/div><div id=\"pg-2272-3\"  class=\"panel-grid panel-no-style\" ><div id=\"pgc-2272-3-0\"  class=\"panel-grid-cell\" ><div id=\"panel-2272-3-0-0\" class=\"so-panel widget widget_sow-editor panel-first-child\" data-index=\"6\" ><div\n\t\t\t\n\t\t\tclass=\"so-widget-sow-editor so-widget-sow-editor-base\"\n\t\t\t\n\t\t>\n<div class=\"siteorigin-widget-tinymce textwidget\">\n\t<p><span style=\"color: #000000;\">Engagierte Einwohner*innen gr\u00fcndeten 2011 den Verein Pro Ziegelhof, um sich gemeinsam f\u00fcr die Erhaltung der alten, im Bundesinventar sch\u00fctzenswerter Ortsbilder der Schweiz (ISOS) eingetragene H\u00e4user an der Lindenstrasse einzusetzen und eine Umnutzung des Ziegelhofareals in Liestal anzuregen.<\/span><\/p>\n<\/div>\n<\/div><\/div><div id=\"panel-2272-3-0-1\" class=\"so-panel widget widget_sow-editor panel-last-child\" data-index=\"7\" ><div\n\t\t\t\n\t\t\tclass=\"so-widget-sow-editor so-widget-sow-editor-base\"\n\t\t\t\n\t\t>\n<div class=\"siteorigin-widget-tinymce textwidget\">\n\t<p><span style=\"color: #000000;\"><span id=\"eeb-501814\">Webseite | <\/span><a href=\"http:\/\/proziegelhof.ch\" target=\"_blank\" rel=\"noopener noreferrer\">www.proziegelhof.ch<\/a><\/span><\/p>\n<p><span style=\"color: #000000;\">Mail | <\/span><span id=\"eeb-501814\" style=\"color: #000000;\"><a class=\"mailto-link\" href=\"mailto:info@proziegelhof.ch\" target=\"_blank\" rel=\"noopener noreferrer\">info@proziegelhof.ch<\/a><\/span><\/p>\n<\/div>\n<\/div><\/div><\/div><div id=\"pgc-2272-3-1\"  class=\"panel-grid-cell\" ><div id=\"panel-2272-3-1-0\" class=\"so-panel widget widget_sow-editor panel-first-child panel-last-child\" data-index=\"8\" ><div\n\t\t\t\n\t\t\tclass=\"so-widget-sow-editor so-widget-sow-editor-base\"\n\t\t\t\n\t\t>\n<div class=\"siteorigin-widget-tinymce textwidget\">\n\t<p><span style=\"color: #000000;\">Sind Sie am aktuellen Entwicklungsstand und der Geschichte des Ziegelhofareals interessiert, dann melden Sie sich f\u00fcr einen Rundgang. Der Verein Pro Ziegelhof bietet f\u00fcr Gruppen F\u00fchrungen an. F\u00fcr Fragen und Anmeldungen melden Sie sich unter: <em><a href=\"mailto:rundgang@proziegelhof.ch\">rundgang@proziegelhof.ch<\/a><\/em><\/span><\/p>\n<\/div>\n<\/div><\/div><\/div><div id=\"pgc-2272-3-2\"  class=\"panel-grid-cell\" ><div id=\"panel-2272-3-2-0\" class=\"so-panel widget widget_sow-editor panel-first-child panel-last-child\" data-index=\"9\" ><div\n\t\t\t\n\t\t\tclass=\"so-widget-sow-editor so-widget-sow-editor-base\"\n\t\t\t\n\t\t>\n<div class=\"siteorigin-widget-tinymce textwidget\">\n\t<p><span style=\"color: #000000;\">Sie freuen sich auf neue Mitglieder, die Lust haben, die weitere Entwicklung des Ziegelhofs mitzugestalten. <\/span><\/p>\n<p><span style=\"color: #000000;\">Bring auch Du deine Ideen ein!<\/span><\/p>\n<\/div>\n<\/div><\/div><\/div><\/div><div id=\"pg-2272-4\"  class=\"panel-grid panel-has-style\" ><div class=\"panel-row-style panel-row-style-for-2272-4\" ><div id=\"pgc-2272-4-0\"  class=\"panel-grid-cell\" ><div id=\"panel-2272-4-0-0\" class=\"so-panel widget widget_sow-editor panel-first-child\" data-index=\"10\" ><div class=\"panel-widget-style panel-widget-style-for-2272-4-0-0\" ><div\n\t\t\t\n\t\t\tclass=\"so-widget-sow-editor so-widget-sow-editor-base\"\n\t\t\t\n\t\t>\n<div class=\"siteorigin-widget-tinymce textwidget\">\n\t<a id=\"Newsletter\"><\/a>\n<h1 style=\"text-align: center;\">NEWSLETTER<\/h1><\/div>\n<\/div><\/div><\/div><div id=\"panel-2272-4-0-1\" class=\"so-panel widget widget_sow-editor panel-last-child\" data-index=\"11\" ><div class=\"panel-widget-style panel-widget-style-for-2272-4-0-1\" ><div\n\t\t\t\n\t\t\tclass=\"so-widget-sow-editor so-widget-sow-editor-base\"\n\t\t\t\n\t\t>\n<div class=\"siteorigin-widget-tinymce textwidget\">\n\t<!-- Begin MailChimp Signup Form -->\n<style type=\"text\/css\">\n\t #mc_embed_signup{rgbaclear:left; font:14px Helvetica,Arial,sans-serif; }\n\/* MailChimp Form Embed Code - Classic - 12\/17\/2015 v10.7 *\/\n#mc_embed_signup form {display:block; position:relative; text-align:left; padding:10px 0 10px 3%}\n#mc_embed_signup h2 {font-weight:bold; padding:0; margin:15px 0; font-size:1.4em;}\n#mc_embed_signup input {border: 1px solid #ABB0B2; -webkit-border-radius: 3px; -moz-border-radius: 3px; border-radius: 3px;}\n#mc_embed_signup input[type=checkbox]{-webkit-appearance:checkbox;}\n#mc_embed_signup input[type=radio]{-webkit-appearance:radio;}\n#mc_embed_signup input:focus {border-color:#333;}\n#mc_embed_signup .button {clear:both; background-color: #555; border: 0 none; border-radius:4px; transition: all 0.23s ease-in-out 0s; color: #FFFFFF; cursor: pointer; display: inline-block; font-size:15px; font-weight: normal; height: 32px; line-height: 32px; margin: 0 5px 10px 0; padding: 0 22px; text-align: center; text-decoration: none; vertical-align: top; white-space: nowrap; width: auto;}\n#mc_embed_signup .button:hover {background-color:#000;}\n#mc_embed_signup .small-meta {font-size: 11px;}\n#mc_embed_signup .nowrap {white-space:nowrap;}\n\n#mc_embed_signup .mc-field-group {clear:left; position:relative; width:96%; padding-bottom:3%; min-height:50px;}\n#mc_embed_signup .size1of2 {clear:none; float:left; display:inline-block; width:46%; margin-right:4%;}\n* html #mc_embed_signup .size1of2 {margin-right:2%; \/* Fix for IE6 double margins. *\/}\n#mc_embed_signup .mc-field-group label {display:block; margin-bottom:3px;}\n#mc_embed_signup .mc-field-group input {display:block; width:100%; padding:8px 0; text-indent:2%;}\n#mc_embed_signup .mc-field-group select {display:inline-block; width:99%; padding:5px 0; margin-bottom:2px;}\n\n#mc_embed_signup .datefield, #mc_embed_signup .phonefield-us{padding:5px 0;}\n#mc_embed_signup .datefield input, #mc_embed_signup .phonefield-us input{display:inline; width:60px; margin:0 2px; letter-spacing:1px; text-align:center; padding:5px 0 2px 0;}\n#mc_embed_signup .phonefield-us .phonearea input, #mc_embed_signup .phonefield-us .phonedetail1 input{width:40px;}\n#mc_embed_signup .datefield .monthfield input, #mc_embed_signup .datefield .dayfield input{width:30px;}\n#mc_embed_signup .datefield label, #mc_embed_signup .phonefield-us label{display:none;}\n\n#mc_embed_signup .indicates-required {text-align:right; font-size:11px; margin-right:4%;}\n#mc_embed_signup .asterisk {color:#000; font-size:150%; font-weight:normal; position:relative; top:5px;}     \n#mc_embed_signup .clear {clear:both;}\n\n#mc_embed_signup .mc-field-group.input-group ul {margin:0; padding:5px 0; list-style:none;}\n#mc_embed_signup .mc-field-group.input-group ul li {display:block; padding:3px 0; margin:0;}\n#mc_embed_signup .mc-field-group.input-group label {display:inline;}\n#mc_embed_signup .mc-field-group.input-group input {display:inline; width:auto; border:none;}\n\n#mc_embed_signup div#mce-responses {float:left; top:-1.4em; padding:0em .5em 0em .5em; overflow:hidden; width:90%; margin: 0 5%; clear: both;}\n#mc_embed_signup div.response {margin:1em 0; padding:1em .5em .5em 0; font-weight:bold; float:left; top:-1.5em; z-index:1; width:80%;}\n#mc_embed_signup #mce-error-response {display:none;}\n#mc_embed_signup #mce-success-response {color:#ddff00; display:none;}\n#mc_embed_signup label.error {display:block; float:none; width:auto; margin-left:1.05em; text-align:left; padding:.5em 0;}\n\n#mc-embedded-subscribe {clear:both; width:auto; display:block; margin:1em 0 1em 5%;}\n#mc_embed_signup #num-subscribers {font-size:1.1em;}\n#mc_embed_signup #num-subscribers span {padding:.5em; border:1px solid #000; margin-right:.5em; font-weight:bold;}\n\n#mc_embed_signup #mc-embedded-subscribe-form div.mce_inline_error {display:inline-block; margin:2px 0 1em 0; padding:5px 10px; background-color:rgba(255,255,255,0.85); -webkit-border-radius: 3px; -moz-border-radius: 3px; border-radius: 3px; font-size:14px; font-weight:normal; z-index:1; color:#e85c41;}\n#mc_embed_signup #mc-embedded-subscribe-form input.mce_inline_error {border:2px solid #e85c41;}\n\n\t\/* Add your own MailChimp form style overrides in your site stylesheet or in this style block.\n\t   We recommend moving this block and the preceding CSS link to the HEAD of your HTML file. *\/\n<\/style>\n<div id=\"mc_embed_signup\">\n<form action=\"\/\/ziegelhof-liestal.us14.list-manage.com\/subscribe\/post?u=9c9d5ddbf18d83e49e9af5476&amp;id=4ba2a63d79\" method=\"post\" id=\"mc-embedded-subscribe-form\" name=\"mc-embedded-subscribe-form\" class=\"validate\" target=\"_blank\" novalidate>\n    <div id=\"mc_embed_signup_scroll\">\n\t\n<div class=\"mc-field-group\">\n\t<label for=\"mce-EMAIL\">Mail-Adresse  <span class=\"asterisk\">*<\/span>\n<\/label>\n\t<input type=\"email\" value=\"\" name=\"EMAIL\" class=\"required email\" id=\"mce-EMAIL\"\/>\n<\/div>\n<p><a href=\"http:\/\/us14.campaign-archive1.com\/home\/?u=9c9d5ddbf18d83e49e9af5476&id=4ba2a63d79\" title=\"View previous campaigns\">Newsletter-Archiv<\/a><\/p>\n\t<div id=\"mce-responses\" class=\"clear\">\n\t\t<div class=\"response\" id=\"mce-error-response\" style=\"display:none\"><\/div>\n\t\t<div class=\"response\" id=\"mce-success-response\" style=\"display:none\"><\/div>\n\t<\/div>    <!-- real people should not fill this in and expect good things - do not remove this or risk form bot signups-->\n    <div style=\"position: absolute; left: -5000px;\" aria-hidden=\"true\"><input type=\"text\" name=\"b_9c9d5ddbf18d83e49e9af5476_4ba2a63d79\" tabindex=\"-1\" value=\"\"\/><\/div>\n    <div class=\"clear\" style=\"position: relative; bottom: -20px;\"><input type=\"submit\" value=\"Absenden\" name=\"subscribe\" id=\"mc-embedded-subscribe\" class=\"button\"\/><\/div>\n    <\/div>\n<\/form>\n<\/div>\n<script type='text\/javascript' src='\/\/s3.amazonaws.com\/downloads.mailchimp.com\/js\/mc-validate.js'><\/script><script type='text\/javascript'>(function($) {window.fnames = new Array(); window.ftypes = new Array();fnames[0]='EMAIL';ftypes[0]='email';fnames[1]='FNAME';ftypes[1]='text';fnames[2]='LNAME';ftypes[2]='text'; \/*\n * Translated default messages for the $ validation plugin.\n * Locale: DE\n *\/\n$.extend($.validator.messages, {\n\trequired: \"Dieses Feld ist ein Pflichtfeld.\",\n\tmaxlength: $.validator.format(\"Geben Sie bitte maximal {0} Zeichen ein.\"),\n\tminlength: $.validator.format(\"Geben Sie bitte mindestens {0} Zeichen ein.\"),\n\trangelength: $.validator.format(\"Geben Sie bitte mindestens {0} und maximal {1} Zeichen ein.\"),\n\temail: \"Geben Sie bitte eine g\u00fcltige E-Mail Adresse ein.\",\n\turl: \"Geben Sie bitte eine g\u00fcltige URL ein.\",\n\tdate: \"Bitte geben Sie ein g\u00fcltiges Datum ein.\",\n\tnumber: \"Geben Sie bitte eine Nummer ein.\",\n\tdigits: \"Geben Sie bitte nur Ziffern ein.\",\n\tequalTo: \"Bitte denselben Wert wiederholen.\",\n\trange: $.validator.format(\"Geben Sie bitten einen Wert zwischen {0} und {1}.\"),\n\tmax: $.validator.format(\"Geben Sie bitte einen Wert kleiner oder gleich {0} ein.\"),\n\tmin: $.validator.format(\"Geben Sie bitte einen Wert gr\u00f6\u00dfer oder gleich {0} ein.\"),\n\tcreditcard: \"Geben Sie bitte ein g\u00fcltige Kreditkarten-Nummer ein.\"\n});}(jQuery));var $mcj = jQuery.noConflict(true);<\/script>\n<!--End mc_embed_signup--><\/div>\n<\/div><\/div><\/div><\/div><\/div><\/div><\/div>","protected":false},"excerpt":{"rendered":"<p>KONTAKT VOR ORT \u00a0 Gerberstrasse 4, 4410 Liestal Telefon | 061 922 03 63Mail | ziegelhof@denkstatt-sarl.chFacebook | FB ZiegelhofAREAL denkstatt s\u00e0rl denkstatt entwickelt Projekte im Dialog. Dadurch kann sie rasch &#8230;<\/p>\n","protected":false},"author":2,"featured_media":0,"parent":0,"menu_order":0,"comment_status":"closed","ping_status":"closed","template":"","meta":{"inline_featured_image":false,"footnotes":""},"class_list":["post-2272","page","type-page","status-publish","hentry"],"yoast_head":"<!-- This site is optimized with the Yoast SEO plugin v27.5 - https:\/\/yoast.com\/product\/yoast-seo-wordpress\/ -->\n<title>KONTAKT - ZIEGELHOFAREAL<\/title>\n<meta name=\"robots\" content=\"index, follow, max-snippet:-1, max-image-preview:large, max-video-preview:-1\" \/>\n<link rel=\"canonical\" href=\"https:\/\/ziegelhof-liestal.ch\/?page_id=2272\" \/>\n<meta property=\"og:locale\" content=\"de_DE\" \/>\n<meta property=\"og:type\" content=\"article\" \/>\n<meta property=\"og:title\" content=\"KONTAKT - ZIEGELHOFAREAL\" \/>\n<meta property=\"og:description\" content=\"KONTAKT VOR ORT \u00a0 Gerberstrasse 4, 4410 Liestal Telefon | 061 922 03 63Mail | ziegelhof@denkstatt-sarl.chFacebook | FB ZiegelhofAREAL denkstatt s\u00e0rl denkstatt entwickelt Projekte im Dialog. Dadurch kann sie rasch ...\" \/>\n<meta property=\"og:url\" content=\"https:\/\/ziegelhof-liestal.ch\/?page_id=2272\" \/>\n<meta property=\"og:site_name\" content=\"ZIEGELHOFAREAL\" \/>\n<meta property=\"article:modified_time\" content=\"2020-08-26T09:32:12+00:00\" \/>\n<meta name=\"twitter:card\" content=\"summary_large_image\" \/>\n<meta name=\"twitter:label1\" content=\"Gesch\u00e4tzte Lesezeit\" \/>\n\t<meta name=\"twitter:data1\" content=\"2\u00a0Minuten\" \/>\n<script type=\"application\/ld+json\" class=\"yoast-schema-graph\">{\"@context\":\"https:\\\/\\\/schema.org\",\"@graph\":[{\"@type\":\"WebPage\",\"@id\":\"https:\\\/\\\/ziegelhof-liestal.ch\\\/?page_id=2272\",\"url\":\"https:\\\/\\\/ziegelhof-liestal.ch\\\/?page_id=2272\",\"name\":\"KONTAKT - ZIEGELHOFAREAL\",\"isPartOf\":{\"@id\":\"https:\\\/\\\/ziegelhof-liestal.ch\\\/#website\"},\"datePublished\":\"2019-01-22T10:14:55+00:00\",\"dateModified\":\"2020-08-26T09:32:12+00:00\",\"breadcrumb\":{\"@id\":\"https:\\\/\\\/ziegelhof-liestal.ch\\\/?page_id=2272#breadcrumb\"},\"inLanguage\":\"de\",\"potentialAction\":[{\"@type\":\"ReadAction\",\"target\":[\"https:\\\/\\\/ziegelhof-liestal.ch\\\/?page_id=2272\"]}]},{\"@type\":\"BreadcrumbList\",\"@id\":\"https:\\\/\\\/ziegelhof-liestal.ch\\\/?page_id=2272#breadcrumb\",\"itemListElement\":[{\"@type\":\"ListItem\",\"position\":1,\"name\":\"Startseite\",\"item\":\"https:\\\/\\\/ziegelhof-liestal.ch\\\/\"},{\"@type\":\"ListItem\",\"position\":2,\"name\":\"KONTAKT\"}]},{\"@type\":\"WebSite\",\"@id\":\"https:\\\/\\\/ziegelhof-liestal.ch\\\/#website\",\"url\":\"https:\\\/\\\/ziegelhof-liestal.ch\\\/\",\"name\":\"ZIEGELHOFAREAL\",\"description\":\"\",\"potentialAction\":[{\"@type\":\"SearchAction\",\"target\":{\"@type\":\"EntryPoint\",\"urlTemplate\":\"https:\\\/\\\/ziegelhof-liestal.ch\\\/?s={search_term_string}\"},\"query-input\":{\"@type\":\"PropertyValueSpecification\",\"valueRequired\":true,\"valueName\":\"search_term_string\"}}],\"inLanguage\":\"de\"}]}<\/script>\n<!-- \/ Yoast SEO plugin. -->","yoast_head_json":{"title":"KONTAKT - ZIEGELHOFAREAL","robots":{"index":"index","follow":"follow","max-snippet":"max-snippet:-1","max-image-preview":"max-image-preview:large","max-video-preview":"max-video-preview:-1"},"canonical":"https:\/\/ziegelhof-liestal.ch\/?page_id=2272","og_locale":"de_DE","og_type":"article","og_title":"KONTAKT - ZIEGELHOFAREAL","og_description":"KONTAKT VOR ORT \u00a0 Gerberstrasse 4, 4410 Liestal Telefon | 061 922 03 63Mail | ziegelhof@denkstatt-sarl.chFacebook | FB ZiegelhofAREAL denkstatt s\u00e0rl denkstatt entwickelt Projekte im Dialog. Dadurch kann sie rasch ...","og_url":"https:\/\/ziegelhof-liestal.ch\/?page_id=2272","og_site_name":"ZIEGELHOFAREAL","article_modified_time":"2020-08-26T09:32:12+00:00","twitter_card":"summary_large_image","twitter_misc":{"Gesch\u00e4tzte Lesezeit":"2\u00a0Minuten"},"schema":{"@context":"https:\/\/schema.org","@graph":[{"@type":"WebPage","@id":"https:\/\/ziegelhof-liestal.ch\/?page_id=2272","url":"https:\/\/ziegelhof-liestal.ch\/?page_id=2272","name":"KONTAKT - ZIEGELHOFAREAL","isPartOf":{"@id":"https:\/\/ziegelhof-liestal.ch\/#website"},"datePublished":"2019-01-22T10:14:55+00:00","dateModified":"2020-08-26T09:32:12+00:00","breadcrumb":{"@id":"https:\/\/ziegelhof-liestal.ch\/?page_id=2272#breadcrumb"},"inLanguage":"de","potentialAction":[{"@type":"ReadAction","target":["https:\/\/ziegelhof-liestal.ch\/?page_id=2272"]}]},{"@type":"BreadcrumbList","@id":"https:\/\/ziegelhof-liestal.ch\/?page_id=2272#breadcrumb","itemListElement":[{"@type":"ListItem","position":1,"name":"Startseite","item":"https:\/\/ziegelhof-liestal.ch\/"},{"@type":"ListItem","position":2,"name":"KONTAKT"}]},{"@type":"WebSite","@id":"https:\/\/ziegelhof-liestal.ch\/#website","url":"https:\/\/ziegelhof-liestal.ch\/","name":"ZIEGELHOFAREAL","description":"","potentialAction":[{"@type":"SearchAction","target":{"@type":"EntryPoint","urlTemplate":"https:\/\/ziegelhof-liestal.ch\/?s={search_term_string}"},"query-input":{"@type":"PropertyValueSpecification","valueRequired":true,"valueName":"search_term_string"}}],"inLanguage":"de"}]}},"_links":{"self":[{"href":"https:\/\/ziegelhof-liestal.ch\/index.php?rest_route=\/wp\/v2\/pages\/2272","targetHints":{"allow":["GET"]}}],"collection":[{"href":"https:\/\/ziegelhof-liestal.ch\/index.php?rest_route=\/wp\/v2\/pages"}],"about":[{"href":"https:\/\/ziegelhof-liestal.ch\/index.php?rest_route=\/wp\/v2\/types\/page"}],"author":[{"embeddable":true,"href":"https:\/\/ziegelhof-liestal.ch\/index.php?rest_route=\/wp\/v2\/users\/2"}],"replies":[{"embeddable":true,"href":"https:\/\/ziegelhof-liestal.ch\/index.php?rest_route=%2Fwp%2Fv2%2Fcomments&post=2272"}],"version-history":[{"count":26,"href":"https:\/\/ziegelhof-liestal.ch\/index.php?rest_route=\/wp\/v2\/pages\/2272\/revisions"}],"predecessor-version":[{"id":3907,"href":"https:\/\/ziegelhof-liestal.ch\/index.php?rest_route=\/wp\/v2\/pages\/2272\/revisions\/3907"}],"wp:attachment":[{"href":"https:\/\/ziegelhof-liestal.ch\/index.php?rest_route=%2Fwp%2Fv2%2Fmedia&parent=2272"}],"curies":[{"name":"wp","href":"https:\/\/api.w.org\/{rel}","templated":true}]}}